{"id":73,"date":"2026-02-17T11:36:01","date_gmt":"2026-02-17T11:36:01","guid":{"rendered":"https:\/\/bkweb.hu\/?page_id=73"},"modified":"2026-02-17T17:14:48","modified_gmt":"2026-02-17T17:14:48","slug":"rolam","status":"publish","type":"page","link":"https:\/\/bkweb.hu\/?page_id=73","title":{"rendered":"R\u00f3lam"},"content":{"rendered":"\n<!DOCTYPE html>\n<html lang=\"hu\">\n<head>\n<meta charset=\"UTF-8\">\n<meta name=\"viewport\" content=\"width=device-width, initial-scale=1.0\">\n<title>R\u00f3lam &#8211; BK Web \u00e9s IT<\/title>\n<\/head>\n<body>\n\n<header>\n  <nav class=\"navbar\">\n    <div class=\"logo\">BK Web &#038; IT<\/div>\n    <ul class=\"nav-links\">\n      <li><a href=\"https:\/\/bkweb.hu\/\">Kezd\u0151lap<\/a><\/li>\n      <li><a href=\"https:\/\/bkweb.hu\/?page_id=73\" class=\"active\">R\u00f3lam<\/a><\/li>\n      <li><a href=\"https:\/\/bkweb.hu\/?page_id=59\">Webfejleszt\u00e9s<\/a><\/li>\n      <li><a href=\"https:\/\/bkweb.hu\/?page_id=62\">IT seg\u00edts\u00e9gny\u00fajt\u00e1s<\/a><\/li>\n      <li><a href=\"https:\/\/bkweb.hu\/?page_id=64\">Kapcsolat<\/a><\/li>\n    <\/ul>\n    <a href=\"https:\/\/bkweb.hu\/?page_id=66\" class=\"neon-btn\">Id\u0151pontfoglal\u00e1s<\/a>\n  <\/nav>\n<\/header>\n\n<main>\n  <section class=\"content-section\">\n    <h1>R\u00f3lam<\/h1>\n    <div class=\"card\" style=\"line-height: 1.8; font-size: 1.1em;\">\n      <p><strong style=\"color: #00ffff; font-size: 1.2em;\">\u00dcdv\u00f6zl\u00f6m! Kat\u00f3 Bence vagyok.<\/strong><\/p>\n      <p>A Ny\u00edregyh\u00e1zi Egyetemen v\u00e9geztem programtervez\u0151 informatikus fels\u0151oktat\u00e1si szakk\u00e9pz\u00e9sen, jelenleg pedig t\u00f6rt\u00e9nelem-informatika osztatlan tan\u00e1ri szakon folytatom a tanulm\u00e1nyaimat.<\/p>\n      <p>A megszerzett programoz\u00e1si tapasztalatomat a weboldalfejleszt\u00e9sben \u00e9s az informatikai probl\u00e9mamegold\u00e1sban kamatoztatom. F\u0151 c\u00e9lom olyan professzion\u00e1lis weboldalak megalkot\u00e1sa, ahol mind a megrendel\u0151, mind a v\u00e9gfelhaszn\u00e1l\u00f3 pontosan azt a min\u0151s\u00e9get, \u00e9lm\u00e9nyt \u00e9s funkci\u00f3t kapja, amely a c\u00e9ljainak a legink\u00e1bb megfelel.<\/p>\n    <\/div>\n  <\/section>\n<\/main>\n\n<footer>\n  <p>&copy; 2026 BK Web \u00e9s IT. Minden jog fenntartva.<\/p>\n<\/footer>\n\n<\/body>\n<\/html>\n<\/html>\n","protected":false},"excerpt":{"rendered":"<p>R\u00f3lam &#8211; BK Web \u00e9s IT BK Web &#038; IT Kezd\u0151lap R\u00f3lam Webfejleszt\u00e9s IT seg\u00edts\u00e9gny\u00fajt\u00e1s Kapcsolat Id\u0151pontfoglal\u00e1s R\u00f3lam \u00dcdv\u00f6zl\u00f6m! Kat\u00f3 Bence vagyok. A Ny\u00edregyh\u00e1zi Egyetemen v\u00e9geztem programtervez\u0151 informatikus fels\u0151oktat\u00e1si szakk\u00e9pz\u00e9sen, jelenleg pedig t\u00f6rt\u00e9nelem-informatika osztatlan tan\u00e1ri szakon folytatom a tanulm\u00e1nyaimat. A megszerzett programoz\u00e1si tapasztalatomat a weboldalfejleszt\u00e9sben \u00e9s az informatikai probl\u00e9mamegold\u00e1sban kamatoztatom. F\u0151 c\u00e9lom olyan professzion\u00e1lis weboldalak <a href=\"https:\/\/bkweb.hu\/?page_id=73\" class=\"more-link\">&#8230;<span class=\"screen-reader-text\">  R\u00f3lam<\/span><\/a><\/p>\n","protected":false},"author":1,"featured_media":0,"parent":0,"menu_order":0,"comment_status":"closed","ping_status":"closed","template":"blank-slate-template.php","meta":{"footnotes":""},"class_list":["post-73","page","type-page","status-publish","hentry"],"_links":{"self":[{"href":"https:\/\/bkweb.hu\/index.php?rest_route=\/wp\/v2\/pages\/73","targetHints":{"allow":["GET"]}}],"collection":[{"href":"https:\/\/bkweb.hu\/index.php?rest_route=\/wp\/v2\/pages"}],"about":[{"href":"https:\/\/bkweb.hu\/index.php?rest_route=\/wp\/v2\/types\/page"}],"author":[{"embeddable":true,"href":"https:\/\/bkweb.hu\/index.php?rest_route=\/wp\/v2\/users\/1"}],"replies":[{"embeddable":true,"href":"https:\/\/bkweb.hu\/index.php?rest_route=%2Fwp%2Fv2%2Fcomments&post=73"}],"version-history":[{"count":6,"href":"https:\/\/bkweb.hu\/index.php?rest_route=\/wp\/v2\/pages\/73\/revisions"}],"predecessor-version":[{"id":125,"href":"https:\/\/bkweb.hu\/index.php?rest_route=\/wp\/v2\/pages\/73\/revisions\/125"}],"wp:attachment":[{"href":"https:\/\/bkweb.hu\/index.php?rest_route=%2Fwp%2Fv2%2Fmedia&parent=73"}],"curies":[{"name":"wp","href":"https:\/\/api.w.org\/{rel}","templated":true}]}}