{"id":64,"date":"2026-02-17T11:25:15","date_gmt":"2026-02-17T11:25:15","guid":{"rendered":"https:\/\/bkweb.hu\/?page_id=64"},"modified":"2026-04-03T16:48:16","modified_gmt":"2026-04-03T16:48:16","slug":"kapcsolat","status":"publish","type":"page","link":"https:\/\/bkweb.hu\/?page_id=64","title":{"rendered":"Kapcsolat"},"content":{"rendered":"\n<!DOCTYPE html>\n<html lang=\"hu\">\n<head>\n<meta charset=\"UTF-8\">\n<meta name=\"viewport\" content=\"width=device-width, initial-scale=1.0\">\n<title>Kapcsolat &#8211; BK Web \u00e9s IT<\/title>\n<link rel=\"stylesheet\" href=\"style.css\">\n<\/head>\n<body>\n\n<header>\n <nav class=\"navbar\">\n  <div class=\"logo\">BK Web &#038; IT<\/div>\n  <ul class=\"nav-links\">\n    <li><a href=\"https:\/\/bkweb.hu\/\">Kezd\u0151lap<\/a><\/li>\n    <li><a href=\"https:\/\/bkweb.hu\/?page_id=73\">R\u00f3lam<\/a><\/li>\n    <li><a href=\"https:\/\/bkweb.hu\/?page_id=59\">Webfejleszt\u00e9s<\/a><\/li>\n    <li><a href=\"https:\/\/bkweb.hu\/?page_id=62\">IT seg\u00edts\u00e9gny\u00fajt\u00e1s<\/a><\/li>\n    <li><a href=\"https:\/\/bkweb.hu\/?page_id=64\">Kapcsolat<\/a><\/li>\n  <\/ul>\n  <a href=\"https:\/\/bkweb.hu\/?page_id=66\" class=\"neon-btn\">Id\u0151pontfoglal\u00e1s<\/a>\n<\/nav>\n<\/header>\n\n<main>\n  <section class=\"content-section\">\n    <h1>Kapcsolat<\/h1>\n    <div class=\"contact-container\">\n      <div class=\"contact-icons\">\n        <a href=\"tel:+36304647885\" class=\"icon-link\">\ud83d\udcde +36 30 464 7885<\/a>\n        <a href=\"mailto:bencekato78@gmail.com\" class=\"icon-link\">\u2709\ufe0f bencekato78@gmail.com<\/a>\n        <a href=\"https:\/\/m.me\/bence.kato33\" target=\"_blank\" class=\"icon-link\">\ud83d\udcac Messenger \u00dczenet<\/a>\n      <\/div>\n      <form class=\"custom-form\" method=\"POST\" action=\"https:\/\/bkweb.hu\/wp-admin\/admin-post.php\">\n  <input type=\"hidden\" name=\"action\" value=\"bk_uj_uzenet\">\n  \n  <input type=\"text\" name=\"ugyfel_nev\" placeholder=\"N\u00e9v (K\u00f6telez\u0151)\" required>\n  <input type=\"email\" name=\"ugyfel_email\" placeholder=\"E-mail c\u00edm (K\u00f6telez\u0151)\" required>\n  <textarea rows=\"5\" name=\"ugyfel_uzenet\" placeholder=\"\u00dczenet sz\u00f6vege\" required><\/textarea>\n  \n  <button type=\"submit\" class=\"black-neon-btn\">\u00dczenet K\u00fcld\u00e9se<\/button>\n<\/form>\n    <\/div>\n  <\/section>\n<\/main>\n\n<footer>\n  <p>&copy; 2026 BK Web \u00e9s IT. Minden jog fenntartva.<\/p>\n<\/footer>\n\n<\/body>\n<\/html>\n","protected":false},"excerpt":{"rendered":"<p>Kapcsolat &#8211; BK Web \u00e9s IT BK Web &#038; IT Kezd\u0151lap R\u00f3lam Webfejleszt\u00e9s IT seg\u00edts\u00e9gny\u00fajt\u00e1s Kapcsolat Id\u0151pontfoglal\u00e1s Kapcsolat \ud83d\udcde +36 30 464 7885 \u2709\ufe0f bencekato78@gmail.com \ud83d\udcac Messenger \u00dczenet \u00dczenet K\u00fcld\u00e9se &copy; 2026 BK Web \u00e9s IT. Minden jog fenntartva.<\/p>\n","protected":false},"author":1,"featured_media":0,"parent":0,"menu_order":0,"comment_status":"closed","ping_status":"closed","template":"blank-slate-template.php","meta":{"footnotes":""},"class_list":["post-64","page","type-page","status-publish","hentry"],"_links":{"self":[{"href":"https:\/\/bkweb.hu\/index.php?rest_route=\/wp\/v2\/pages\/64","targetHints":{"allow":["GET"]}}],"collection":[{"href":"https:\/\/bkweb.hu\/index.php?rest_route=\/wp\/v2\/pages"}],"about":[{"href":"https:\/\/bkweb.hu\/index.php?rest_route=\/wp\/v2\/types\/page"}],"author":[{"embeddable":true,"href":"https:\/\/bkweb.hu\/index.php?rest_route=\/wp\/v2\/users\/1"}],"replies":[{"embeddable":true,"href":"https:\/\/bkweb.hu\/index.php?rest_route=%2Fwp%2Fv2%2Fcomments&post=64"}],"version-history":[{"count":7,"href":"https:\/\/bkweb.hu\/index.php?rest_route=\/wp\/v2\/pages\/64\/revisions"}],"predecessor-version":[{"id":149,"href":"https:\/\/bkweb.hu\/index.php?rest_route=\/wp\/v2\/pages\/64\/revisions\/149"}],"wp:attachment":[{"href":"https:\/\/bkweb.hu\/index.php?rest_route=%2Fwp%2Fv2%2Fmedia&parent=64"}],"curies":[{"name":"wp","href":"https:\/\/api.w.org\/{rel}","templated":true}]}}